{"id":216,"date":"2019-01-08T23:06:23","date_gmt":"2019-01-08T22:06:23","guid":{"rendered":"http:\/\/ivyframes.com\/?page_id=216"},"modified":"2019-11-28T20:44:23","modified_gmt":"2019-11-28T19:44:23","slug":"terms","status":"publish","type":"page","link":"https:\/\/ivyframes.com\/de\/terms\/","title":{"rendered":"AGB"},"content":{"rendered":"<p>[et_pb_section fb_built=&#8221;1&#8243; _builder_version=&#8221;3.22.3&#8243;][et_pb_row _builder_version=&#8221;3.22.3&#8243;][et_pb_column type=&#8221;4_4&#8243; _builder_version=&#8221;3.19.14&#8243;][et_pb_text _builder_version=&#8221;3.19.14&#8243; header_font=&#8221;andantino||||||||&#8221; header_text_align=&#8221;center&#8221; header_text_color=&#8221;#663300&#8243; header_font_size=&#8221;88px&#8221;]<\/p>\n<h1 style=\"text-align: center;\">Allgemeine Gesch\u00e4ftsbedingungen<\/h1>\n<p>[\/et_pb_text][\/et_pb_column][\/et_pb_row][et_pb_row custom_padding=&#8221;14.71875px|0px|0|0px|false|false&#8221; _builder_version=&#8221;3.22.3&#8243;][et_pb_column type=&#8221;4_4&#8243; _builder_version=&#8221;3.19.14&#8243;][et_pb_text _builder_version=&#8221;3.19.14&#8243; text_font=&#8221;||||||||&#8221;]<\/p>\n<p style=\"text-align: justify;\"><span>1. Allgemeines<\/span><\/p>\n<p style=\"text-align: justify;\"><span>Die folgenden Gesch\u00e4ftsbedingungen gelten f\u00fcr alle Bestellungen, die der Kunde (nachstehend als &#8220;Sie&#8221; bezeichnet) bei Reichert &amp; Silley GbR (nachstehend als &#8220;IVY FRAMES&#8221;, &#8220;uns&#8221; oder &#8220;wir&#8221; bezeichnet) auf der IVY FRAMES-Website, der mobilen Website, der mobilen Anwendung oder per Telefon (gemeinsam als &#8220;ivyframes.com&#8221; bezeichnet) aufgibt. Durch die Nutzung von ivyframes.com bzw. das Aufgeben einer Bestellung erkl\u00e4ren Sie sich mit den hierin genannten Allgemeinen Gesch\u00e4ftsbedingungen (&#8220;die Gesch\u00e4ftsbedingungen&#8221;) einverstanden. Bitte lesen Sie die Gesch\u00e4ftsbedingungen sorgf\u00e4ltig durch, bevor Sie eine Bestellung aufgeben.<\/span><br \/> <span>Bestellen k\u00f6nnen bei uns nur vollj\u00e4hrige Personen. Sie k\u00f6nnen sowohl als Verbraucher, also auch als Unternehmer i.S.v. \u00a7 14 BGB bestellen. Jedoch ist zu beachten, dass unsere Produkte nicht zum Wiederverkauf bestimmt sind.\u00a0<\/span><br \/> <span>Das Angebot von Produkten oder Dienstleistungen zu einem bestimmten Zeitpunkt impliziert oder garantiert nicht, dass diese Produkte oder Dienstleistungen jederzeit zur Verf\u00fcgung stehen. Wir behalten uns das Recht vor, jedes Produkt zu einem beliebigen Zeitpunkt einzustellen.<\/span><br \/> <span>Wir behalten uns das Recht vor, die Gesch\u00e4ftsbedingungen von Zeit zu Zeit ohne Vorank\u00fcndigung zu \u00e4ndern. Die f\u00fcr Ihre Bestellung g\u00fcltige Version der Gesch\u00e4ftsbedingungen ist die, die zum Zeitpunkt der Bestellung auf ivyframes.com ver\u00f6ffentlicht ist.<\/span><br \/> <span>IVY FRAMES m\u00f6chte Ihnen eine optimale Online-Erfahrung bieten. Aus diesem Grund m\u00fcssen wir sicherstellen, dass unsere Services reibungslos funktionieren. Sie stimmen daher zu, (i) keine Informationen oder Inhalte zu ver\u00f6ffentlichen, zu \u00fcbertragen, zu verteilen, hochzuladen oder zu vermarkten, die unser Unternehmen, unsere Produkte oder Services sch\u00e4digen oder negativ beeinflussen k\u00f6nnten; (ii) sich nicht in einer Weise zu verhalten oder Ger\u00e4te zu verwenden, die andere Benutzer bei der Verwendung der Website ivyframes.com einschr\u00e4nkt, beeintr\u00e4chtigt, behindert oder die Sicherheit der Website gef\u00e4hrdet und (iii) keine Ger\u00e4te oder Module, Software, Tools, Agenten, Skripts oder andere Ger\u00e4te oder Mechanismen (einschlie\u00dflich, aber nicht beschr\u00e4nkt auf Spiders, Bots, Crawlers, Avatars oder intelligente Agents) zur Navigation oder zum Durchsuchen der Website bzw. zum Kopieren von Inhalten der Website zu verwenden. Wir behalten uns das Recht vor, Benutzer, die gegen diese Vorschrift oder andere in diesen allgemeinen Gesch\u00e4ftsbedingungen festgelegten Richtlinien versto\u00dfen, vom Zugriff auf ivyframes.com auszuschlie\u00dfen und rechtliche Ma\u00dfnahmen einzuleiten.<\/span><\/p>\n<p style=\"text-align: justify;\"><span>2. Preise und Versandkosten<\/span><\/p>\n<p style=\"text-align: justify;\"><span>Die auf ivyframes.com angegebenen Preise enthalten die gesetzliche Umsatzsteuer, jedoch nicht die Versandkosten.<\/span><br \/> <span>Die Kosten f\u00fcr die jeweilige Zahlungsmethode werden am Ende des Bestellvorganges nach Eingabe der Versandadresse deutlich ausgewiesen. Preise in Gesch\u00e4ften, Werbeanzeigen und online k\u00f6nnen variieren. Rabatte und Rabattcodes sind nicht f\u00fcr alle Produkte und Vertriebskan\u00e4le (z.B. Campus Shops) gleicherma\u00dfen anwendbar. Ihre G\u00fcltigkeit kann jederzeit und ohne vorherige Ank\u00fcndigung erl\u00f6schen.<\/span><\/p>\n<p style=\"text-align: justify;\"><span>3. Bestellung\/Vertragsabschluss<\/span><\/p>\n<p style=\"text-align: justify;\"><span>Sie haben die M\u00f6glichkeit, einige aber nicht alle Produkte direkt auf ivyframes.com zu bestellen.<\/span><\/p>\n<p style=\"text-align: justify;\"><span>Wenn Sie Ihre Bestellung aufgegeben und Ihre E-Mail-Adresse bei uns hinterlegt haben, erhalten Sie \u00fcblicherweise eine Best\u00e4tigung per E-Mail. Die Best\u00e4tigung des Besteilleinganges stellt noch keinen Vertragsabschluss dar. Eine Bestellung ist lediglich ein Angebot auf den Abschluss eines Vertrages durch den Besteller. Die Annahme dieses Angebotes erfolgt durch die Ank\u00fcndigung des Versandes in Textform bzw. den tats\u00e4chlichen Versand des Artikels. Sofern wir die Bestellung aus irgendeinem Grund nicht ausf\u00fchren k\u00f6nnen, benachrichtigen wir Sie so schnell wie m\u00f6glich. Haben wir bereits eine Zahlung f\u00fcr die Bestellung erhalten, erstatten wir den entsprechenden Betrag mit der von Ihnen genutzten Zahlungsmethode. Falls aus irgendeinem Grund eine andere Regelung getroffen werden muss, setzt sich ein IVY FRAMES Mitarbeiter mit Ihnen in Verbindung, um die R\u00fcckzahlung zu arrangieren.<\/span><\/p>\n<p style=\"text-align: justify;\"><span>4. Lieferung<\/span><\/p>\n<p style=\"text-align: justify;\"><span>IVY FRAMES geht bei der Annahme und Bearbeitung der Bestellungen mit Sorgfalt vor und liefert Ihre Bestellung an die von Ihnen angegebene Versandadresse.\u00a0<\/span><br \/> <span>IVY FRAMES bem\u00fcht sich um eine Zustellung der Artikel in der Reihenfolge, in der sie eingehen. Obwohl wir uns bem\u00fchen, innerhalb des w\u00e4hrend der Bestellung angegebenen Zeitraums zu liefern, kann die Lieferung aufgrund produktionstechnischer Gr\u00fcnde, Versanddauer oder anderen Ereignissen l\u00e4nger dauern.\u00a0<\/span><br \/> <span>Bevor Sie die Bestellung aufgeben, werden Sie \u00fcber das voraussichtliche Versanddatum informiert.\u00a0<\/span><\/p>\n<p style=\"text-align: justify;\"><span>5. Widerruf der Bestellung<\/span><\/p>\n<p style=\"text-align: justify;\"><span>Sie k\u00f6nnen den Kauf vom Zeitpunkt der Bestellung bis zu 14 Tage nach Erhalt der bestellten Artikel stornieren oder widerrufen. Wenn Sie die Artikel bereits bezahlt haben, erstatten wir die Kosten einschlie\u00dflich der Lieferkosten. Falls Sie einzelne Artikel behalten und die Bestellung nur teilweise stornieren m\u00f6chten, werden die Lieferkosten nicht erstattet.\u00a0<\/span><\/p>\n<p style=\"text-align: justify;\"><span>Wenn Sie Ihre Bestellung stornieren oder zur\u00fcckgeben m\u00f6chten, benachrichtigen Sie uns in Textform, vorzugsweise per E-Mail, an returns@ivyframes.com; per Post oder per Brief, an Reichert &amp; Silley GbR, Winterhuder Weg 29, 22085 Hamburg (DE) oder durch R\u00fccksendung an des erhaltenen Artikels. Vorzugsweise nutzen Sie die im Falle eines Widerrufes Ihnen durch uns mitgeteilte Retourenadresse. Eine R\u00fccksendung ist jedoch auch an die vorgenannte Adresse m\u00f6glich. Die Benachrichtigung muss in jedem Fall innerhalb von 14 Tagen nach Erhalt erfolgen. Sie haben dann weitere 14 Tage Zeit, um die Artikel gem\u00e4\u00df Absatz 6 unten (R\u00fcckgaben) zur\u00fcckzugeben. Wir erstatten die Kosten so schnell wie m\u00f6glich mit der von Ihnen genutzten Zahlungsmethode. Dies erfolgt sp\u00e4testens 14 Tage nach Erhalt der Stornierung oder R\u00fccksendung, vorausgesetzt, wir haben die Artikel zur\u00fcckerhalten. Mit Ihrer Zustimmung kann eine andere Zahlungsmethode f\u00fcr die R\u00fcckzahlung verwendet werden. In keinem Fall fallen zus\u00e4tzliche Geb\u00fchren an.<\/span><\/p>\n<p style=\"text-align: justify;\"><span>Falls Sie einen fehlerhaften Artikel erhalten haben, benachrichtigen Sie IVY FRAMES bitte umgehend. IVY FRAMES erstattet die Kosten f\u00fcr Produkte, an denen ein Mangel festgestellt wurde, in vollem Umfang. Die hierin genannten Bestimmungen stellen keine Einschr\u00e4nkung geltender Rechte dar.<\/span><\/p>\n<p style=\"text-align: justify;\"><span>6. R\u00fcckgabe<\/span><\/p>\n<p style=\"text-align: justify;\"><span>IVY FRAMES gew\u00e4hrt die vollst\u00e4ndige R\u00fcckzahlung zur\u00fcckgegebener Artikel gem\u00e4\u00df den Bestimmungen in Abschnitt 5 (Widerruf der Bestellung), vorausgesetzt, dass alle Artikel in dem Zustand zur\u00fcckgegeben wurden, in dem sie sich bei Erhalt befanden. Das bedeutet, die Artikel d\u00fcrfen nicht besch\u00e4digt, benutzt, verschmutzt oder ver\u00e4ndert worden sein.<\/span><\/p>\n<p style=\"text-align: justify;\"><span>7. Zahlungsmethoden<\/span><\/p>\n<p style=\"text-align: justify;\"><span>Wir bieten die folgenden Zahlungsmethoden an:<\/span><\/p>\n<p style=\"text-align: justify;\"><span>Zahlung vor Lieferung<\/span><br \/> <span>Sie k\u00f6nnen die bestellte Ware per Bank\u00fcberweisung an die w\u00e4hrend der Bestellung angegebene Bankverbindung bezahlen. Der Versand der Ware erfolgt nach Geldeingang.<\/span><\/p>\n<p style=\"text-align: justify;\"><span>PayPal<\/span><br \/> <span>Sie haben die M\u00f6glichkeit die Bezahlung der Bestellung \u00fcber Ihr PayPal Konto zu t\u00e4tigen.\u00a0<\/span><\/p>\n<p style=\"text-align: justify;\"><span>Kreditkarte<\/span><br \/> <span>Wenn Sie die Bestellung aufgeben, k\u00f6nnen Sie mit einer g\u00fcltigen Kreditkarte (Visa, Mastercard oder American Express) bezahlen und die Kreditkarteninformationen eingeben. Die Abwicklung der Zahlung wird von der Firma PayPal ausgef\u00fchrt, ein eigener PayPal Account ist hierf\u00fcr jedoch nicht notwendig.<\/span><\/p>\n<p style=\"text-align: justify;\"><span>Bankeinzug<\/span><br \/> <span>Sie k\u00f6nnen den f\u00e4lligen Betrag per Lastschrifteinzug begleichen. Die Abwicklung der Zahlung wird von der Firma PayPal ausgef\u00fchrt, ein eigener PayPal Account ist hierf\u00fcr jedoch nicht notwendig.<\/span><\/p>\n<p style=\"text-align: justify;\"><span>IVY FRAMES Geschenkkarten<\/span><br \/> <span>Sie k\u00f6nnen Ihre Bestellung, die Sie auf unserer Website aufgegeben haben, ganz oder teilweise mit IVY FRAMES Geschenkkarten bezahlen.\u00a0<\/span><\/p>\n<p style=\"text-align: justify;\"><span>Sonstiges<\/span><br \/> <span>Bitte beachten Sie, dass IYV FRAMES und unser Anbieter von Zahlungsdiensten sich das Recht vorbeh\u00e4lt, Zahlungsanfragen und andere mit Ihrem Kauf und Ihrer Zahlung verbundenen Mitteilungen an Ihre E-Mail-Adresse zu senden.<\/span><\/p>\n<p style=\"text-align: justify;\"><span>8. Haftung<\/span><\/p>\n<p style=\"text-align: justify;\"><span>Keine der vorliegenden Gesch\u00e4ftsbedingungen soll die Haftbarkeit von IVY FRAMES ausschlie\u00dfen oder beschr\u00e4nken, wenn dies den geltenden Gesetzen zum Haftungsausschluss oder Haftungsbeschr\u00e4nkungen entgegensteht.<\/span><\/p>\n<p style=\"text-align: justify;\"><span>IVY FRAMES ist nicht verantwortlich f\u00fcr indirekte Sch\u00e4den, die als Nebenfolge des eigentlichen Verlustes oder Schadens entstehen, z. B. entgangene Gewinne oder Auftr\u00e4ge, oder f\u00fcr nicht gelieferte Produkte oder die Nichteinhaltung anderer Verpflichtungen gem\u00e4\u00df dieser Gesch\u00e4ftsbedingungen, wenn die Ursache f\u00fcr diese Nichteinhaltung au\u00dferhalb unserer Kontrolle liegt, einschlie\u00dflich, aber nicht beschr\u00e4nkt auf Brand, Flut, Sturm, Aufst\u00e4nde, innere Unruhen, Krieg, Atomunf\u00e4lle, terroristische Aktivit\u00e4ten oder andere Formen h\u00f6herer Gewalt.<\/span><br \/> <span>Unsere maximale Haftung Ihnen gegen\u00fcber f\u00fcr Verluste oder Sch\u00e4den, die sich aus Ihrer Bestellung auf ivyframes.com ergeben, sind auf den Gesamtbetrag Ihrer Bestellung beschr\u00e4nkt. Diese Haftungsbegrenzung gilt nicht f\u00fcr die Verletzung von Leib, Leben oder K\u00f6rper.<\/span><\/p>\n<p style=\"text-align: justify;\"><span>Falls ein Problem mit einem Produkt besteht, das Sie online bei ivyframes.com gekauft haben, und Sie dieses Problem nicht gemeinsam mit IVY FRAMES l\u00f6sen konnten, k\u00f6nnen Sie Ihre Beschwerde auf dem Portal zur Online-Streitbeilegung der EU einreichen (ODR-Plattform, Online Dispute Resolution):\u00a0<\/span><a target=\"_blank\" href=\"http:\/\/ec.europa.eu\/odr\" rel=\"noopener noreferrer\">http:\/\/ec.europa.eu\/odr<\/a><\/p>\n<p style=\"text-align: justify;\"><span>9. Farben<\/span><\/p>\n<p style=\"text-align: justify;\"><span>Wir unternehmen alle zumutbaren Anstrengungen, die Eigenschaften unserer Produkte genau darzustellen, einschlie\u00dflich ihrer Zusammensetzung und Farben. Die Farbanzeige h\u00e4ngt jedoch von Ihrem Computersystem ab und wir k\u00f6nnen nicht garantieren, dass Ihr Computer die Farben genau wiedergibt.<\/span><\/p>\n<p style=\"text-align: justify;\"><span>10. Gesetzliche Gew\u00e4hrleistung<\/span><\/p>\n<p style=\"text-align: justify;\"><span>Sofern die gekauften Waren M\u00e4ngel aufweisen, verpflichtet sich IVY FRAMES zur Einhaltung aller gesetzlichen Gew\u00e4hrleistungsbestimmungen. Wenn Sie eine Beschwerde bez\u00fcglich offensichtlicher Material- oder Herstellungsfehler der von uns bereitgestellten Waren haben, einschlie\u00dflich w\u00e4hrend des Transports entstandener Sch\u00e4den, informieren Sie IVY FRAMES unverz\u00fcglich.<\/span><\/p>\n<p style=\"text-align: justify;\"><span>11. Abtretung<\/span><\/p>\n<p style=\"text-align: justify;\"><span>IVY FRAMES beh\u00e4lt sich das Recht vor, alle im Zusammenhang mit der Warenlieferung entstandenen Zahlungsforderungen einschlie\u00dflich aller Zahlungsraten an Dritte abzutreten oder zu verpf\u00e4nden.<\/span><\/p>\n<p style=\"text-align: justify;\"><span>12. G\u00fcltigkeit<\/span><\/p>\n<p style=\"text-align: justify;\"><span>Falls Teile dieser Bestimmungen nicht zul\u00e4ssig sind oder von einem Gericht oder einer Regulierungsbeh\u00f6rde f\u00fcr ung\u00fcltig erkl\u00e4rt werden, behalten die \u00fcbrigen Bestimmungen weiterhin ihre G\u00fcltigkeit.<\/span><\/p>\n<p style=\"text-align: justify;\"><span>13. Eigentumsvorbehalt<\/span><\/p>\n<p style=\"text-align: justify;\"><span>Alle Rechte geistigen Eigentums, z. B. Markenzeichen und Copyrights auf ivyframes.com, verbleiben bei IVY FRAMES und ihren Lizenzgebern. Die Verwendung von ivyframes.com oder seiner Inhalte, einschlie\u00dflich das Kopieren und Speichern von Inhalten in Teilen oder vollst\u00e4ndig, au\u00dfer zu pers\u00f6nlichen, nicht kommerziellen Zwecken, ist ohne die Erlaubnis von IVY FRAMES nicht gestattet.<\/span><\/p>\n<p style=\"text-align: justify;\"><span>14. Informationen zum Unternehmen<\/span><\/p>\n<p style=\"text-align: justify;\"><span><\/span><\/p>\n<p>[\/et_pb_text][\/et_pb_column][\/et_pb_row][et_pb_row custom_padding=&#8221;0|0px|50px|0px|false|false&#8221; _builder_version=&#8221;3.22.3&#8243;][et_pb_column type=&#8221;3_4&#8243; _builder_version=&#8221;3.19.14&#8243;][et_pb_image src=&#8221;https:\/\/ivyframes.com\/wp-content\/uploads\/2019\/02\/Screen-Shot-2019-02-16-at-13.56.15.png&#8221; _builder_version=&#8221;3.19.14&#8243;][\/et_pb_image][\/et_pb_column][et_pb_column type=&#8221;1_4&#8243; _builder_version=&#8221;3.19.14&#8243;][\/et_pb_column][\/et_pb_row][\/et_pb_section]<\/p>\n","protected":false},"excerpt":{"rendered":"<p>Allgemeine Gesch\u00e4ftsbedingungen1. Allgemeines Die folgenden Gesch\u00e4ftsbedingungen gelten f\u00fcr alle Bestellungen, die der Kunde (nachstehend als &#8220;Sie&#8221; bezeichnet) bei Reichert &amp; Silley GbR (nachstehend als &#8220;IVY FRAMES&#8221;, &#8220;uns&#8221; oder &#8220;wir&#8221; bezeichnet) auf der IVY FRAMES-Website, der mobilen Website, der mobilen Anwendung oder per Telefon (gemeinsam als &#8220;ivyframes.com&#8221; bezeichnet) aufgibt. Durch die Nutzung von ivyframes.com bzw. das [&hellip;]<\/p>\n","protected":false},"author":1,"featured_media":0,"parent":0,"menu_order":0,"comment_status":"closed","ping_status":"closed","template":"","meta":{"_et_pb_use_builder":"on","_et_pb_old_content":"","_et_gb_content_width":"","_monsterinsights_skip_tracking":false,"_monsterinsights_sitenote_active":false,"_monsterinsights_sitenote_note":"","_monsterinsights_sitenote_category":0,"footnotes":""},"class_list":["post-216","page","type-page","status-publish","hentry"],"_links":{"self":[{"href":"https:\/\/ivyframes.com\/de\/wp-json\/wp\/v2\/pages\/216","targetHints":{"allow":["GET"]}}],"collection":[{"href":"https:\/\/ivyframes.com\/de\/wp-json\/wp\/v2\/pages"}],"about":[{"href":"https:\/\/ivyframes.com\/de\/wp-json\/wp\/v2\/types\/page"}],"author":[{"embeddable":true,"href":"https:\/\/ivyframes.com\/de\/wp-json\/wp\/v2\/users\/1"}],"replies":[{"embeddable":true,"href":"https:\/\/ivyframes.com\/de\/wp-json\/wp\/v2\/comments?post=216"}],"version-history":[{"count":9,"href":"https:\/\/ivyframes.com\/de\/wp-json\/wp\/v2\/pages\/216\/revisions"}],"predecessor-version":[{"id":666,"href":"https:\/\/ivyframes.com\/de\/wp-json\/wp\/v2\/pages\/216\/revisions\/666"}],"wp:attachment":[{"href":"https:\/\/ivyframes.com\/de\/wp-json\/wp\/v2\/media?parent=216"}],"curies":[{"name":"wp","href":"https:\/\/api.w.org\/{rel}","templated":true}]}}